{"id":9,"date":"2019-10-03T01:53:15","date_gmt":"2019-10-02T23:53:15","guid":{"rendered":"http:\/\/ceciletrullard.info\/?page_id=9"},"modified":"2020-11-02T02:50:44","modified_gmt":"2020-11-02T01:50:44","slug":"a-propos-de","status":"publish","type":"page","link":"https:\/\/ceciletrullard.info\/index.php\/a-propos-de\/","title":{"rendered":"\u00c0 propos"},"content":{"rendered":"\n<p>Du p\u00e9trissage de la terre \u00e0 la derni\u00e8re sortie du four en passant par le tour, le biscuit, l\u2019\u00e9maillage etc. : l\u2019art de la c\u00e9ramique prend du temps. Entre l\u2019id\u00e9e et l\u2019objet final, il y a une suite d\u2019\u00e9tapes, s\u00e9par\u00e9es par plusieurs phases d\u2019attente. La patience est une des forces de la c\u00e9ramiste, bien consciente que ces temps morts sont une partie int\u00e9grante de la pratique : ils lui permettent de recalculer sa trajectoire \u00e0 chaque \u00e9tape. La c\u00e9ramiste s\u2019appuie sur des pratiques mill\u00e9naires : c\u2019est que cet art du feu a fait le tour du monde, et de l\u2019histoire. Pour elle, il s\u2019agira de comprendre la mati\u00e8re ; non pas pour la contr\u00f4ler, mais pour jouer ensuite librement avec les \u00e9l\u00e9ments : la terre (gr\u00e8s, porcelaine etc.), l\u2019eau (barbotine), le feu (cuisson) et l\u2019air (oxydation ou r\u00e9duction de l\u2019\u00e9mail). <br><\/p>\n\n\n\n<p>Apr\u00e8s 20 ans de pratique, C\u00e9cile Trullard est encore en qu\u00eate, en exp\u00e9rimentation. Si le geste est s\u00fbr et les pi\u00e8ces tourn\u00e9es parfaitement calibr\u00e9es, son terrain de recherche est l\u2019\u00e9mail : les param\u00e8tres de composition chimique joueront sur la profondeur des couleurs \u2026 \u00e0 chaque \u00e9mail son nom, sa texture et ses particularit\u00e9s que l\u2019oeil de la c\u00e9ramiste saura \u00e9valuer. <\/p>\n\n\n\n<p>Mais la ma\u00eetrise de ces recettes n\u2019emp\u00eache pas l\u2019exploration des possibles. Ainsi, c\u2019est maintenant la forme de la pi\u00e8ce qui devient le support pour les tests de C\u00e9cile Trullard, et c\u2019est la forme qui lui permet d\u2019explorer les r\u00e9actions de l\u2019\u00e9mail \u00e0 de nouvelles contraintes : la pente, le trempage, le retrempage etc. <br><\/p>\n\n\n\n<p>Entre connaissances th\u00e9oriques transmises, savoir empirique et exp\u00e9rimentation, la pratique de C\u00e9cile Trullard est un jeu aux r\u00e8gles qu\u2019il convient \u00e0 la fois de respecter, et oser enfreindre. Une curiosit\u00e9 qu\u2019elle a conserv\u00e9e intacte lui permet de transcrire dans son travail la po\u00e9tique de l\u2019erreur, la beaut\u00e9 dans la surprise, l\u2019oeuvre du hasard.<\/p>\n\n\n\n<p><em>Marie Marchal<\/em><\/p>\n\n\n\n<figure class=\"wp-block-image\"><img loading=\"lazy\" width=\"683\" height=\"1024\" src=\"http:\/\/ceciletrullard.info\/wp-content\/uploads\/2019\/12\/phototour-683x1024.jpg\" alt=\"\" class=\"wp-image-38\" srcset=\"https:\/\/ceciletrullard.info\/wp-content\/uploads\/2019\/12\/phototour-683x1024.jpg 683w, https:\/\/ceciletrullard.info\/wp-content\/uploads\/2019\/12\/phototour-200x300.jpg 200w, https:\/\/ceciletrullard.info\/wp-content\/uploads\/2019\/12\/phototour-768x1152.jpg 768w, https:\/\/ceciletrullard.info\/wp-content\/uploads\/2019\/12\/phototour.jpg 1024w\" sizes=\"(max-width: 683px) 100vw, 683px\" \/><\/figure>\n\n\n\n<p><\/p>\n","protected":false},"excerpt":{"rendered":"<p>Du p\u00e9trissage de la terre \u00e0 la derni\u00e8re sortie du four en passant par le tour, le biscuit, l\u2019\u00e9maillage etc. : l\u2019art de la c\u00e9ramique prend du temps. Entre l\u2019id\u00e9e et l\u2019objet final, il y a une suite d\u2019\u00e9tapes, s\u00e9par\u00e9es par plusieurs phases d\u2019attente. La patience est une des forces de la c\u00e9ramiste, bien consciente &hellip; <\/p>\n<p class=\"link-more\"><a href=\"https:\/\/ceciletrullard.info\/index.php\/a-propos-de\/\" class=\"more-link\">Continuer la lecture<span class=\"screen-reader-text\"> de &laquo;&nbsp;\u00c0 propos&nbsp;&raquo;<\/span><\/a><\/p>\n","protected":false},"author":1,"featured_media":0,"parent":0,"menu_order":0,"comment_status":"closed","ping_status":"closed","template":"","meta":[],"_links":{"self":[{"href":"https:\/\/ceciletrullard.info\/index.php\/wp-json\/wp\/v2\/pages\/9"}],"collection":[{"href":"https:\/\/ceciletrullard.info\/index.php\/wp-json\/wp\/v2\/pages"}],"about":[{"href":"https:\/\/ceciletrullard.info\/index.php\/wp-json\/wp\/v2\/types\/page"}],"author":[{"embeddable":true,"href":"https:\/\/ceciletrullard.info\/index.php\/wp-json\/wp\/v2\/users\/1"}],"replies":[{"embeddable":true,"href":"https:\/\/ceciletrullard.info\/index.php\/wp-json\/wp\/v2\/comments?post=9"}],"version-history":[{"count":6,"href":"https:\/\/ceciletrullard.info\/index.php\/wp-json\/wp\/v2\/pages\/9\/revisions"}],"predecessor-version":[{"id":65,"href":"https:\/\/ceciletrullard.info\/index.php\/wp-json\/wp\/v2\/pages\/9\/revisions\/65"}],"wp:attachment":[{"href":"https:\/\/ceciletrullard.info\/index.php\/wp-json\/wp\/v2\/media?parent=9"}],"curies":[{"name":"wp","href":"https:\/\/api.w.org\/{rel}","templated":true}]}}