{"id":8,"date":"2019-10-03T01:53:15","date_gmt":"2019-10-02T23:53:15","guid":{"rendered":"http:\/\/ceciletrullard.info\/?page_id=8"},"modified":"2020-11-02T02:42:00","modified_gmt":"2020-11-02T01:42:00","slug":"accueil","status":"publish","type":"page","link":"https:\/\/ceciletrullard.info\/","title":{"rendered":"C\u00e9cile Trullard"},"content":{"rendered":"<p>C\u00e9ramiste, C\u00e9cile Trullard travaille la terre et surtout ses \u00e9maux qu&rsquo;elle fabrique elle-m\u00eame dans une recherche de couleurs et de textures subtiles. Son atelier est install\u00e9e \u00e0 Besan\u00e7on, au c\u0153ur de la boucle.<\/p>\n","protected":false},"excerpt":{"rendered":"<p>C\u00e9ramiste, C\u00e9cile Trullard travaille la terre et surtout ses \u00e9maux qu&rsquo;elle fabrique elle-m\u00eame dans une recherche de couleurs et de textures subtiles. Son atelier est install\u00e9e \u00e0 Besan\u00e7on, au c\u0153ur de la boucle.<\/p>\n","protected":false},"author":1,"featured_media":0,"parent":0,"menu_order":0,"comment_status":"closed","ping_status":"closed","template":"","meta":[],"_links":{"self":[{"href":"https:\/\/ceciletrullard.info\/index.php\/wp-json\/wp\/v2\/pages\/8"}],"collection":[{"href":"https:\/\/ceciletrullard.info\/index.php\/wp-json\/wp\/v2\/pages"}],"about":[{"href":"https:\/\/ceciletrullard.info\/index.php\/wp-json\/wp\/v2\/types\/page"}],"author":[{"embeddable":true,"href":"https:\/\/ceciletrullard.info\/index.php\/wp-json\/wp\/v2\/users\/1"}],"replies":[{"embeddable":true,"href":"https:\/\/ceciletrullard.info\/index.php\/wp-json\/wp\/v2\/comments?post=8"}],"version-history":[{"count":6,"href":"https:\/\/ceciletrullard.info\/index.php\/wp-json\/wp\/v2\/pages\/8\/revisions"}],"predecessor-version":[{"id":62,"href":"https:\/\/ceciletrullard.info\/index.php\/wp-json\/wp\/v2\/pages\/8\/revisions\/62"}],"wp:attachment":[{"href":"https:\/\/ceciletrullard.info\/index.php\/wp-json\/wp\/v2\/media?parent=8"}],"curies":[{"name":"wp","href":"https:\/\/api.w.org\/{rel}","templated":true}]}}